{"id":3,"date":"2023-10-29T14:54:13","date_gmt":"2023-10-29T13:54:13","guid":{"rendered":"http:\/\/dznews.org\/?page_id=3"},"modified":"2025-02-02T11:51:49","modified_gmt":"2025-02-02T10:51:49","slug":"politique-de-confidentialite","status":"publish","type":"page","link":"https:\/\/dznews.org\/?page_id=3","title":{"rendered":"Mentions L\u00e9gales"},"content":{"rendered":"\n<p><br><strong>Derni\u00e8re mise \u00e0 jour : 01 F\u00e9vrier 202<\/strong>5<\/p>\n\n\n\n<h2 class=\"wp-block-heading\">Qui sommes-nous&nbsp;?<\/h2>\n\n\n\n<p>L\u2019adresse de notre site est\u00a0: http:\/\/dznews.org qui est un annuaire Internet gratuit sur l&rsquo;Alg\u00e9rie et sa communaut\u00e9.<\/p>\n\n\n\n<h3 class=\"wp-block-heading\"><strong>H\u00e9bergement<\/strong><\/h3>\n\n\n\n<p>Le site <a href=\"https:\/\/dznews.org\/\" data-type=\"link\" data-id=\"https:\/\/dznews.org\/\" target=\"_blank\" rel=\"noreferrer noopener\">dznews.org<\/a> est h\u00e9berg\u00e9 par <em>HOSTINGER<\/em> INTERNATIONAL LTD, dont le <em>si\u00e8ge social<\/em> se situe 61 Lordou Vironos Street, 6023 Larnaca, Chypre.<\/p>\n\n\n\n<h4 class=\"wp-block-heading\"><\/h4>\n\n\n\n<h3 class=\"wp-block-heading\"><strong> Conditions d&rsquo;utilisation<\/strong><\/h3>\n\n\n\n<p>L\u2019utilisation du site <a href=\"http:\/\/dznews.org\" data-type=\"link\" data-id=\"dznews.org\" target=\"_blank\" rel=\"noreferrer noopener\">dznews.org<\/a> impique l\u2019acceptation pleine et enti\u00e8re des conditions g\u00e9n\u00e9rales d\u2019utilisation d\u00e9crites ci-apr\u00e8s. Ces conditions d\u2019utilisation peuvent \u00eatre modifi\u00e9es ou compl\u00e9t\u00e9es \u00e0 tout moment, les utilisateurs du site dznews.org sont donc invit\u00e9s \u00e0 les consulter de mani\u00e8re r\u00e9guli\u00e8re.<\/p>\n\n\n\n<p>Ce site est normalement accessible \u00e0 tout moment aux utilisateurs. Une interruption pour raison de maintenance technique peut \u00eatre toutefois n\u00e9cessaire , on s\u2019efforcera alors de communiquer pr\u00e9alablement aux utilisateurs les dates et heures de l\u2019intervention.<\/p>\n\n\n\n<p>Le site <a href=\"http:\/\/dznews.org\" target=\"_blank\" rel=\"noreferrer noopener\">dznews.org<\/a> est mis \u00e0 jour r\u00e9guli\u00e8rement. De la m\u00eame fa\u00e7on, les mentions l\u00e9gales peuvent \u00eatre modifi\u00e9es \u00e0 tout moment : elles s\u2019imposent n\u00e9anmoins \u00e0 l&rsquo;utilisateur qui est invit\u00e9 \u00e0 s\u2019y r\u00e9f\u00e9rer le plus souvent possible afin d\u2019en prendre connaissance.<\/p>\n\n\n\n<h3 class=\"wp-block-heading\"><strong> Donn\u00e9es personnelles<\/strong><\/h3>\n\n\n\n<p>La navigation sur le site dznews.org peut entra\u00eener l&rsquo;installation de cookie(s) sur l\u2019ordinateur de l\u2019utilisateur. Les donn\u00e9es personnelles collect\u00e9es seront uniquement utilis\u00e9es pour le fonctionnement interne et pour am\u00e9liorer la qualit\u00e9 du service propos\u00e9. Aucune information personnelle de l&rsquo;utilisateur du site <a href=\"http:\/\/dznews.org\" data-type=\"link\" data-id=\"dznews.org\" target=\"_blank\" rel=\"noreferrer noopener\">dznews.org<\/a> n\u2019est publi\u00e9e \u00e0 l\u2019insu de l\u2019utilisateur, \u00e9chang\u00e9e, transf\u00e9r\u00e9e, c\u00e9d\u00e9e ou vendue sur un support quelconque \u00e0 des tiers<\/p>\n\n\n\n<hr class=\"wp-block-separator has-alpha-channel-opacity\"\/>\n\n\n\n<h3 class=\"wp-block-heading\">Contactez-nous<\/h3>\n\n\n\n<p>Si vous avez des questions concernant cette Politique de Confidentialit\u00e9, vous pouvez nous contacter :<\/p>\n\n\n\n<ul class=\"wp-block-list\">\n<li>Par e-mail : <strong>contact@dznews.org<\/strong><\/li>\n\n\n\n<li>En visitant cette page sur notre site Web :\u00a0<a href=\"https:\/\/dznews.org\/?page_id=110\" data-type=\"link\" data-id=\"https:\/\/dznews.org\/?page_id=110\">Formulaire de contact<\/a><\/li>\n<\/ul>\n\n\n\n<p><\/p>\n\n\n\n<p><\/p>\n","protected":false},"excerpt":{"rendered":"<p>Derni\u00e8re mise \u00e0 jour : 01 F\u00e9vrier 2025 Qui sommes-nous&nbsp;? L\u2019adresse de notre site est\u00a0: http:\/\/dznews.org qui est un annuaire Internet gratuit sur l&rsquo;Alg\u00e9rie et sa communaut\u00e9. H\u00e9bergement Le site dznews.org est h\u00e9berg\u00e9 par HOSTINGER INTERNATIONAL LTD, dont le si\u00e8ge social se situe 61 Lordou Vironos Street, 6023 Larnaca, Chypre. Conditions d&rsquo;utilisation L\u2019utilisation du site &hellip;<\/p>\n<p class=\"read-more\"> <a class=\"\" href=\"https:\/\/dznews.org\/?page_id=3\"> <span class=\"screen-reader-text\">Mentions L\u00e9gales<\/span> Lire la suite\u00a0\u00bb<\/a><\/p>\n","protected":false},"author":1,"featured_media":0,"parent":0,"menu_order":0,"comment_status":"closed","ping_status":"open","template":"","meta":{"site-sidebar-layout":"default","site-content-layout":"","ast-site-content-layout":"","site-content-style":"default","site-sidebar-style":"default","ast-global-header-display":"","ast-banner-title-visibility":"","ast-main-header-display":"","ast-hfb-above-header-display":"","ast-hfb-below-header-display":"","ast-hfb-mobile-header-display":"","site-post-title":"","ast-breadcrumbs-content":"","ast-featured-img":"","footer-sml-layout":"","theme-transparent-header-meta":"","adv-header-id-meta":"","stick-header-meta":"","header-above-stick-meta":"","header-main-stick-meta":"","header-below-stick-meta":"","astra-migrate-meta-layouts":"","ast-page-background-enabled":"default","ast-page-background-meta":{"desktop":{"background-color":"var(--ast-global-color-4)","background-image":"","background-repeat":"repeat","background-position":"center center","background-size":"auto","background-attachment":"scroll","background-type":"","background-media":"","overlay-type":"","overlay-color":"","overlay-gradient":""},"tablet":{"background-color":"","background-image":"","background-repeat":"repeat","background-position":"center center","background-size":"auto","background-attachment":"scroll","background-type":"","background-media":"","overlay-type":"","overlay-color":"","overlay-gradient":""},"mobile":{"background-color":"","background-image":"","background-repeat":"repeat","background-position":"center center","background-size":"auto","background-attachment":"scroll","background-type":"","background-media":"","overlay-type":"","overlay-color":"","overlay-gradient":""}},"ast-content-background-meta":{"desktop":{"background-color":"var(--ast-global-color-5)","background-image":"","background-repeat":"repeat","background-position":"center center","background-size":"auto","background-attachment":"scroll","background-type":"","background-media":"","overlay-type":"","overlay-color":"","overlay-gradient":""},"tablet":{"background-color":"var(--ast-global-color-5)","background-image":"","background-repeat":"repeat","background-position":"center center","background-size":"auto","background-attachment":"scroll","background-type":"","background-media":"","overlay-type":"","overlay-color":"","overlay-gradient":""},"mobile":{"background-color":"var(--ast-global-color-5)","background-image":"","background-repeat":"repeat","background-position":"center center","background-size":"auto","background-attachment":"scroll","background-type":"","background-media":"","overlay-type":"","overlay-color":"","overlay-gradient":""}},"footnotes":""},"class_list":["post-3","page","type-page","status-publish","hentry"],"yoast_head":"<!-- This site is optimized with the Yoast SEO plugin v25.7 - https:\/\/yoast.com\/wordpress\/plugins\/seo\/ -->\n<title>Mentions L\u00e9gales - dznews.org<\/title>\n<meta name=\"robots\" content=\"index, follow, max-snippet:-1, max-image-preview:large, max-video-preview:-1\" \/>\n<link rel=\"canonical\" href=\"https:\/\/dznews.org\/?page_id=3\" \/>\n<meta property=\"og:locale\" content=\"fr_FR\" \/>\n<meta property=\"og:type\" content=\"article\" \/>\n<meta property=\"og:title\" content=\"Mentions L\u00e9gales - dznews.org\" \/>\n<meta property=\"og:description\" content=\"Derni\u00e8re mise \u00e0 jour : 01 F\u00e9vrier 2025 Qui sommes-nous&nbsp;? L\u2019adresse de notre site est\u00a0: http:\/\/dznews.org qui est un annuaire Internet gratuit sur l&rsquo;Alg\u00e9rie et sa communaut\u00e9. H\u00e9bergement Le site dznews.org est h\u00e9berg\u00e9 par HOSTINGER INTERNATIONAL LTD, dont le si\u00e8ge social se situe 61 Lordou Vironos Street, 6023 Larnaca, Chypre. Conditions d&rsquo;utilisation L\u2019utilisation du site &hellip; Mentions L\u00e9gales Lire la suite\u00a0\u00bb\" \/>\n<meta property=\"og:url\" content=\"https:\/\/dznews.org\/?page_id=3\" \/>\n<meta property=\"og:site_name\" content=\"dznews.org\" \/>\n<meta property=\"article:modified_time\" content=\"2025-02-02T10:51:49+00:00\" \/>\n<meta name=\"twitter:card\" content=\"summary_large_image\" \/>\n<meta name=\"twitter:label1\" content=\"Dur\u00e9e de lecture estim\u00e9e\" \/>\n\t<meta name=\"twitter:data1\" content=\"2 minutes\" \/>\n<script type=\"application\/ld+json\" class=\"yoast-schema-graph\">{\"@context\":\"https:\/\/schema.org\",\"@graph\":[{\"@type\":\"WebPage\",\"@id\":\"https:\/\/dznews.org\/?page_id=3\",\"url\":\"https:\/\/dznews.org\/?page_id=3\",\"name\":\"Mentions L\u00e9gales - dznews.org\",\"isPartOf\":{\"@id\":\"https:\/\/dznews.org\/#website\"},\"datePublished\":\"2023-10-29T13:54:13+00:00\",\"dateModified\":\"2025-02-02T10:51:49+00:00\",\"breadcrumb\":{\"@id\":\"https:\/\/dznews.org\/?page_id=3#breadcrumb\"},\"inLanguage\":\"fr-FR\",\"potentialAction\":[{\"@type\":\"ReadAction\",\"target\":[\"https:\/\/dznews.org\/?page_id=3\"]}]},{\"@type\":\"BreadcrumbList\",\"@id\":\"https:\/\/dznews.org\/?page_id=3#breadcrumb\",\"itemListElement\":[{\"@type\":\"ListItem\",\"position\":1,\"name\":\"Accueil\",\"item\":\"https:\/\/dznews.org\/\"},{\"@type\":\"ListItem\",\"position\":2,\"name\":\"Mentions L\u00e9gales\"}]},{\"@type\":\"WebSite\",\"@id\":\"https:\/\/dznews.org\/#website\",\"url\":\"https:\/\/dznews.org\/\",\"name\":\"dznews.org\",\"description\":\"Liste des principaux journaux et sites d&#039;information en Alg\u00e9rie\",\"potentialAction\":[{\"@type\":\"SearchAction\",\"target\":{\"@type\":\"EntryPoint\",\"urlTemplate\":\"https:\/\/dznews.org\/?s={search_term_string}\"},\"query-input\":{\"@type\":\"PropertyValueSpecification\",\"valueRequired\":true,\"valueName\":\"search_term_string\"}}],\"inLanguage\":\"fr-FR\"}]}<\/script>\n<!-- \/ Yoast SEO plugin. -->","yoast_head_json":{"title":"Mentions L\u00e9gales - dznews.org","robots":{"index":"index","follow":"follow","max-snippet":"max-snippet:-1","max-image-preview":"max-image-preview:large","max-video-preview":"max-video-preview:-1"},"canonical":"https:\/\/dznews.org\/?page_id=3","og_locale":"fr_FR","og_type":"article","og_title":"Mentions L\u00e9gales - dznews.org","og_description":"Derni\u00e8re mise \u00e0 jour : 01 F\u00e9vrier 2025 Qui sommes-nous&nbsp;? L\u2019adresse de notre site est\u00a0: http:\/\/dznews.org qui est un annuaire Internet gratuit sur l&rsquo;Alg\u00e9rie et sa communaut\u00e9. H\u00e9bergement Le site dznews.org est h\u00e9berg\u00e9 par HOSTINGER INTERNATIONAL LTD, dont le si\u00e8ge social se situe 61 Lordou Vironos Street, 6023 Larnaca, Chypre. Conditions d&rsquo;utilisation L\u2019utilisation du site &hellip; Mentions L\u00e9gales Lire la suite\u00a0\u00bb","og_url":"https:\/\/dznews.org\/?page_id=3","og_site_name":"dznews.org","article_modified_time":"2025-02-02T10:51:49+00:00","twitter_card":"summary_large_image","twitter_misc":{"Dur\u00e9e de lecture estim\u00e9e":"2 minutes"},"schema":{"@context":"https:\/\/schema.org","@graph":[{"@type":"WebPage","@id":"https:\/\/dznews.org\/?page_id=3","url":"https:\/\/dznews.org\/?page_id=3","name":"Mentions L\u00e9gales - dznews.org","isPartOf":{"@id":"https:\/\/dznews.org\/#website"},"datePublished":"2023-10-29T13:54:13+00:00","dateModified":"2025-02-02T10:51:49+00:00","breadcrumb":{"@id":"https:\/\/dznews.org\/?page_id=3#breadcrumb"},"inLanguage":"fr-FR","potentialAction":[{"@type":"ReadAction","target":["https:\/\/dznews.org\/?page_id=3"]}]},{"@type":"BreadcrumbList","@id":"https:\/\/dznews.org\/?page_id=3#breadcrumb","itemListElement":[{"@type":"ListItem","position":1,"name":"Accueil","item":"https:\/\/dznews.org\/"},{"@type":"ListItem","position":2,"name":"Mentions L\u00e9gales"}]},{"@type":"WebSite","@id":"https:\/\/dznews.org\/#website","url":"https:\/\/dznews.org\/","name":"dznews.org","description":"Liste des principaux journaux et sites d&#039;information en Alg\u00e9rie","potentialAction":[{"@type":"SearchAction","target":{"@type":"EntryPoint","urlTemplate":"https:\/\/dznews.org\/?s={search_term_string}"},"query-input":{"@type":"PropertyValueSpecification","valueRequired":true,"valueName":"search_term_string"}}],"inLanguage":"fr-FR"}]}},"jetpack_sharing_enabled":true,"_links":{"self":[{"href":"https:\/\/dznews.org\/index.php?rest_route=\/wp\/v2\/pages\/3","targetHints":{"allow":["GET"]}}],"collection":[{"href":"https:\/\/dznews.org\/index.php?rest_route=\/wp\/v2\/pages"}],"about":[{"href":"https:\/\/dznews.org\/index.php?rest_route=\/wp\/v2\/types\/page"}],"author":[{"embeddable":true,"href":"https:\/\/dznews.org\/index.php?rest_route=\/wp\/v2\/users\/1"}],"replies":[{"embeddable":true,"href":"https:\/\/dznews.org\/index.php?rest_route=%2Fwp%2Fv2%2Fcomments&post=3"}],"version-history":[{"count":1,"href":"https:\/\/dznews.org\/index.php?rest_route=\/wp\/v2\/pages\/3\/revisions"}],"predecessor-version":[{"id":209,"href":"https:\/\/dznews.org\/index.php?rest_route=\/wp\/v2\/pages\/3\/revisions\/209"}],"wp:attachment":[{"href":"https:\/\/dznews.org\/index.php?rest_route=%2Fwp%2Fv2%2Fmedia&parent=3"}],"curies":[{"name":"wp","href":"https:\/\/api.w.org\/{rel}","templated":true}]}}